{"id":4289,"date":"2017-08-25T08:55:55","date_gmt":"2017-08-25T08:55:55","guid":{"rendered":"http:\/\/lumiere.mikado-themes.com\/?page_id=3356"},"modified":"2020-03-16T13:07:22","modified_gmt":"2020-03-16T12:07:22","slug":"about-me","status":"publish","type":"page","link":"https:\/\/www.pilecka.pl\/?page_id=4289","title":{"rendered":"About Me"},"content":{"rendered":"<section class=\"wpb-content-wrapper\"><p>[vc_row row_content_width=&#8221;grid&#8221;][vc_column]<div class=\"mkdf-elements-holder   mkdf-one-column  mkdf-responsive-mode-768 \" ><div class=\"mkdf-eh-item   mkdf-horizontal-alignment-center \"  data-item-class=\"mkdf-eh-custom-8056\" data-768-1024=\"0 22% 44px 22%\" data-680-768=\"0 15% 44px 15%\" data-680=\"0 2% 44px 1.9%\">\n\t<div class=\"mkdf-eh-item-inner\">\n\t\t<div class=\"mkdf-eh-item-content mkdf-eh-custom-8056\" style=\"padding: 0 30% 44px 29.9%\">\n\t\t\t<div class=\"mkdf-single-image-holder   \">\n    <div class=\"mkdf-si-inner\">\n                                                            <\/div>\n<\/div>\t\t<\/div>\n\t<\/div>\n<\/div><\/div><div class=\"mkdf-elements-holder   mkdf-one-column  mkdf-responsive-mode-768 \" ><div class=\"mkdf-eh-item   mkdf-horizontal-alignment-center \"  data-item-class=\"mkdf-eh-custom-4337\" data-1024-1280=\"0 34%78px 34%\" data-768-1024=\"0 28% 78px 28%\" data-680-768=\"0 21% 78px 22%\" data-680=\"0 3% 78px 2%\">\n\t<div class=\"mkdf-eh-item-inner\">\n\t\t<div class=\"mkdf-eh-item-content mkdf-eh-custom-4337\" style=\"padding: 0 37% 78px 37%\">\n\t\t\t[vc_column_text]Dawno temu spotka\u0142am Szamana z Syberii. Takiego z dziada pradziada z b\u0119bnem. Powiedzia\u0142 mi, \u017ce b\u0119d\u0119 lekarzem, nie od cia\u0142a, ale od duszy. Posi\u0105d\u0119 medium, kt\u00f3re b\u0119dzie mi s\u0142u\u017cy\u0107. B\u0119d\u0119 pomaga\u0107 innym. Bo to co dostajesz musisz odda\u0107, podzieli\u0107 si\u0119. To jak bajka, ale to te\u017c moje \u017cycie. Po pokazie zdj\u0119\u0107 (jaki\u015b czas temu) podesz\u0142o do mnie wiele os\u00f3b dzi\u0119kuj\u0105c za obrazy i opowie\u015bci. Cz\u0119\u015b\u0107 z nich m\u00f3wi\u0142a, \u017ce p\u0142akali. Fotografia to wielkie medium. Dzia\u0142a na wyobra\u017ani\u0119. Mi osobi\u015bcie daje cel w w\u0119dr\u00f3wce przez \u017bycie: do podr\u00f3\u017cy, do poznawania ludzi, do rozm\u00f3w. Moja nie\u015bmia\u0142o\u015b\u0107 nigdy nie by\u0142aby prze\u0142amana gdyby nie aparat. To m\u00f3j \u015brodek do osi\u0105gni\u0119cia celu. Sko\u0144czy\u0142am biologi\u0119, podyplomowo dziennikarstwo (za dawnych czas\u00f3w, w innej kulturze medi\u00f3w) oraz hodowl\u0119 koni. Na\u0142ogowo czytane ksi\u0105\u017cki, odbyte liczne podr\u00f3\u017ce i moje studia pozwalaj\u0105 mi patrze\u0107 na \u015bwiat dojrzale. By\u0107 jego \u015bwiadom\u0105 cz\u0119\u015bci\u0105. Szanowa\u0107 obrazy. Wystawy, nagrody i wyr\u00f3\u017cnienia? Jakie\u015b tam by\u0142y pozwoli\u0142y mi sta\u0107 si\u0119 cz\u0142onkiem Fotoklubu Rzeczypospolitej Polskiej Stowarzyszenia Tw\u00f3rc\u00f3w. Spe\u0142niam si\u0119 jako artysta fotograf (fotografik), tak nazywa mnie wydana przez Fotoklub legitymacja, robi\u0105c codziennie zdj\u0119cia i ch\u0142on\u0105c natur\u0119.[\/vc_column_text][vc_column_text css=&#8221;.vc_custom_1582190509243{margin-top: -10px !important;}&#8221;]<\/p>\n<p style=\"text-align: center;\">Agnieszka Pilecka.<\/p>\n<p>[\/vc_column_text][vc_empty_space height=&#8221;47px&#8221;][vc_single_image image=&#8221;4059&#8243; img_size=&#8221;195&#215;79&#8243; alignment=&#8221;center&#8221;]\t\t<\/div>\n\t<\/div>\n<\/div><\/div>[\/vc_column][\/vc_row][vc_row][vc_column][vc_empty_space height=&#8221;30px&#8221; css=&#8221;.vc_custom_1505301881112{background-color: #ffffff !important;}&#8221;][\/vc_column][\/vc_row]<\/p>\n<\/section>","protected":false},"excerpt":{"rendered":"<p>[vc_row row_content_width=&#8221;grid&#8221;][vc_column][\/vc_column][\/vc_row][vc_row][vc_column][vc_empty_space height=&#8221;30px&#8221; css=&#8221;.vc_custom_1505301881112{background-color: #ffffff !important;}&#8221;][\/vc_column][\/vc_row]<\/p>\n","protected":false},"author":1,"featured_media":0,"parent":0,"menu_order":0,"comment_status":"closed","ping_status":"closed","template":"","meta":{"footnotes":""},"class_list":["post-4289","page","type-page","status-publish","hentry"],"_links":{"self":[{"href":"https:\/\/www.pilecka.pl\/index.php?rest_route=\/wp\/v2\/pages\/4289","targetHints":{"allow":["GET"]}}],"collection":[{"href":"https:\/\/www.pilecka.pl\/index.php?rest_route=\/wp\/v2\/pages"}],"about":[{"href":"https:\/\/www.pilecka.pl\/index.php?rest_route=\/wp\/v2\/types\/page"}],"author":[{"embeddable":true,"href":"https:\/\/www.pilecka.pl\/index.php?rest_route=\/wp\/v2\/users\/1"}],"replies":[{"embeddable":true,"href":"https:\/\/www.pilecka.pl\/index.php?rest_route=%2Fwp%2Fv2%2Fcomments&post=4289"}],"version-history":[{"count":4,"href":"https:\/\/www.pilecka.pl\/index.php?rest_route=\/wp\/v2\/pages\/4289\/revisions"}],"predecessor-version":[{"id":7290,"href":"https:\/\/www.pilecka.pl\/index.php?rest_route=\/wp\/v2\/pages\/4289\/revisions\/7290"}],"wp:attachment":[{"href":"https:\/\/www.pilecka.pl\/index.php?rest_route=%2Fwp%2Fv2%2Fmedia&parent=4289"}],"curies":[{"name":"wp","href":"https:\/\/api.w.org\/{rel}","templated":true}]}}